{"id":10,"date":"2026-01-15T14:41:08","date_gmt":"2026-01-15T14:41:08","guid":{"rendered":"https:\/\/panaderiavegadelrey.rkinformatika.online\/?page_id=10"},"modified":"2026-02-02T13:00:15","modified_gmt":"2026-02-02T13:00:15","slug":"inicio","status":"publish","type":"page","link":"https:\/\/panaderiavegadelrey.com\/en\/","title":{"rendered":"Home"},"content":{"rendered":"<div data-elementor-type=\"wp-page\" data-elementor-id=\"10\" class=\"elementor elementor-10\" data-elementor-post-type=\"page\">\n\t\t\t\t<div class=\"elementor-element elementor-element-1d4b19b e-flex e-con-boxed e-con e-parent\" data-id=\"1d4b19b\" data-element_type=\"container\" data-e-type=\"container\" data-settings=\"{&quot;background_background&quot;:&quot;classic&quot;}\">\n\t\t\t\t\t<div class=\"e-con-inner\">\n\t\t\t\t<div class=\"elementor-element elementor-element-d082dbd elementor-invisible elementor-widget elementor-widget-heading\" data-id=\"d082dbd\" data-element_type=\"widget\" data-e-type=\"widget\" data-settings=\"{&quot;_animation&quot;:&quot;fadeInLeft&quot;}\" data-widget_type=\"heading.default\">\n\t\t\t\t\t<h2 class=\"elementor-heading-title elementor-size-default\">Four generations baking <br>calidad y tradici\u00f3n<\/h2>\t\t\t\t<\/div>\n\t\t\t\t\t<\/div>\n\t\t\t\t<\/div>\n\t\t<div class=\"elementor-element elementor-element-ec25085 e-flex e-con-boxed e-con e-parent\" data-id=\"ec25085\" data-element_type=\"container\" data-e-type=\"container\" data-settings=\"{&quot;background_background&quot;:&quot;classic&quot;}\">\n\t\t\t\t\t<div class=\"e-con-inner\">\n\t\t<div class=\"elementor-element elementor-element-838c280 e-con-full e-flex e-con e-child\" data-id=\"838c280\" data-element_type=\"container\" data-e-type=\"container\">\n\t\t\t\t<div class=\"elementor-element elementor-element-4e90f04 elementor-widget elementor-widget-heading\" data-id=\"4e90f04\" data-element_type=\"widget\" data-e-type=\"widget\" data-widget_type=\"heading.default\">\n\t\t\t\t\t<h2 class=\"elementor-heading-title elementor-size-default\">About Us<\/h2>\t\t\t\t<\/div>\n\t\t\t\t<div class=\"elementor-element elementor-element-6c17414 elementor-widget elementor-widget-text-editor\" data-id=\"6c17414\" data-element_type=\"widget\" data-e-type=\"widget\" data-widget_type=\"text-editor.default\">\n\t\t\t\t\t\t\t\t\t<p data-start=\"357\" data-end=\"710\">We are the fourth generation of the San Francisco Javier bakery, founded in 1955. Back then, in addition to bread, we also made pastries, and we were known to the neighbors as \"Marina's bakery.\" Over time, we changed our name to Panader\u00eda Vega del Rey S.L., maintaining the family tradition that defines us.<\/p><p data-start=\"712\" data-end=\"974\">Today we dedicate ourselves exclusively to the artisanal production of bread, following the recipes and methods of our ancestors, using the same flour and taking great care in every step of the process. Our bread is natural, fresh, and high-quality, with the same great taste as always.<\/p><p data-start=\"976\" data-end=\"1098\">In addition, we have a grocery store, offering selected products to complement your experience.<\/p>\t\t\t\t\t\t\t\t<\/div>\n\t\t\t\t<\/div>\n\t\t<div class=\"elementor-element elementor-element-32a8462 e-con-full e-flex e-con e-child\" data-id=\"32a8462\" data-element_type=\"container\" data-e-type=\"container\">\n\t\t\t\t<div class=\"elementor-element elementor-element-f94a354 elementor-widget elementor-widget-image\" data-id=\"f94a354\" data-element_type=\"widget\" data-e-type=\"widget\" data-widget_type=\"image.default\">\n\t\t\t\t\t\t\t\t\t\t\t\t\t\t\t<img fetchpriority=\"high\" decoding=\"async\" width=\"480\" height=\"525\" src=\"https:\/\/panaderiavegadelrey.com\/wp-content\/uploads\/2026\/02\/FB_IMG_1765372979464-Jose-Raul-Mendoza.jpg\" class=\"attachment-large size-large wp-image-83\" alt=\"\" srcset=\"https:\/\/panaderiavegadelrey.com\/wp-content\/uploads\/2026\/02\/FB_IMG_1765372979464-Jose-Raul-Mendoza.jpg 480w, https:\/\/panaderiavegadelrey.com\/wp-content\/uploads\/2026\/02\/FB_IMG_1765372979464-Jose-Raul-Mendoza-274x300.jpg 274w, https:\/\/panaderiavegadelrey.com\/wp-content\/uploads\/2026\/02\/FB_IMG_1765372979464-Jose-Raul-Mendoza-11x12.jpg 11w\" sizes=\"(max-width: 480px) 100vw, 480px\" \/>\t\t\t\t\t\t\t\t\t\t\t\t\t\t\t<\/div>\n\t\t\t\t<\/div>\n\t\t\t\t\t<\/div>\n\t\t\t\t<\/div>\n\t\t<div class=\"elementor-element elementor-element-893fff5 e-flex e-con-boxed e-con e-parent\" data-id=\"893fff5\" data-element_type=\"container\" data-e-type=\"container\">\n\t\t\t\t\t<div class=\"e-con-inner\">\n\t\t<div class=\"elementor-element elementor-element-8fd31ce e-con-full e-flex e-con e-child\" data-id=\"8fd31ce\" data-element_type=\"container\" data-e-type=\"container\" data-settings=\"{&quot;background_background&quot;:&quot;classic&quot;}\">\n\t\t\t\t<div class=\"elementor-element elementor-element-e332939 elementor-widget elementor-widget-heading\" data-id=\"e332939\" data-element_type=\"widget\" data-e-type=\"widget\" data-widget_type=\"heading.default\">\n\t\t\t\t\t<h2 class=\"elementor-heading-title elementor-size-default\">We make a wide variety of breads, all made with wheat flour.<\/h2>\t\t\t\t<\/div>\n\t\t\t\t<\/div>\n\t\t<div class=\"elementor-element elementor-element-e83cd5d e-con-full e-flex e-con e-child\" data-id=\"e83cd5d\" data-element_type=\"container\" data-e-type=\"container\" data-settings=\"{&quot;background_background&quot;:&quot;classic&quot;}\">\n\t\t\t\t<div class=\"elementor-element elementor-element-3401c6e elementor-widget elementor-widget-heading\" data-id=\"3401c6e\" data-element_type=\"widget\" data-e-type=\"widget\" data-widget_type=\"heading.default\">\n\t\t\t\t\t<h2 class=\"elementor-heading-title elementor-size-default\">Whole wheat (100%) breads. <\/h2>\t\t\t\t<\/div>\n\t\t\t\t<\/div>\n\t\t\t\t\t<\/div>\n\t\t\t\t<\/div>\n\t\t<div class=\"elementor-element elementor-element-9ecde74 e-flex e-con-boxed e-con e-parent\" data-id=\"9ecde74\" data-element_type=\"container\" data-e-type=\"container\" data-settings=\"{&quot;background_background&quot;:&quot;classic&quot;}\">\n\t\t\t\t\t<div class=\"e-con-inner\">\n\t\t\t\t<div class=\"elementor-element elementor-element-568bb36 elementor-widget elementor-widget-heading\" data-id=\"568bb36\" data-element_type=\"widget\" data-e-type=\"widget\" data-widget_type=\"heading.default\">\n\t\t\t\t\t<h2 class=\"elementor-heading-title elementor-size-default\">A tradition since 1955<\/h2>\t\t\t\t<\/div>\n\t\t\t\t<div class=\"elementor-element elementor-element-6a57414 elementor-widget elementor-widget-text-editor\" data-id=\"6a57414\" data-element_type=\"widget\" data-e-type=\"widget\" data-widget_type=\"text-editor.default\">\n\t\t\t\t\t\t\t\t\t<p>Fresh, natural bread made with love, just like in the old days.<\/p>\t\t\t\t\t\t\t\t<\/div>\n\t\t\t\t<div class=\"elementor-element elementor-element-558838d elementor-align-center elementor-widget elementor-widget-button\" data-id=\"558838d\" data-element_type=\"widget\" data-e-type=\"widget\" data-widget_type=\"button.default\">\n\t\t\t\t\t\t\t\t\t\t<a class=\"elementor-button elementor-button-link elementor-size-sm\" href=\"https:\/\/panaderiavegadelrey.com\/index.php\/productos\/\">\n\t\t\t\t\t\t<span class=\"elementor-button-content-wrapper\">\n\t\t\t\t\t\t\t\t\t<span class=\"elementor-button-text\">Products<\/span>\n\t\t\t\t\t<\/span>\n\t\t\t\t\t<\/a>\n\t\t\t\t\t\t\t\t<\/div>\n\t\t\t\t\t<\/div>\n\t\t\t\t<\/div>\n\t\t\t\t<\/div>","protected":false},"excerpt":{"rendered":"<p>Cuatro generaciones horneando calidad y tradici\u00f3n Sobre Nosotros Somos la cuarta generaci\u00f3n de la panader\u00eda San Francisco Javier, fundada en 1955. En aquella \u00e9poca, adem\u00e1s de pan, hac\u00edamos pasteler\u00eda, y \u00e9ramos conocidos por los vecinos como \u201cla panader\u00eda de Marina\u201d. Con el tiempo, cambiamos nuestro nombre a Panader\u00eda Vega del Rey S.L., manteniendo la tradici\u00f3n [&hellip;]<\/p>\n","protected":false},"author":1,"featured_media":0,"parent":0,"menu_order":0,"comment_status":"closed","ping_status":"closed","template":"elementor_canvas","meta":{"footnotes":""},"class_list":["post-10","page","type-page","status-publish","hentry"],"yoast_head":"<!-- This site is optimized with the Yoast SEO plugin v27.3 - https:\/\/yoast.com\/product\/yoast-seo-wordpress\/ -->\n<title>Inicio - Panader\u00eda Vega Delrey<\/title>\n<meta name=\"robots\" content=\"index, follow, max-snippet:-1, max-image-preview:large, max-video-preview:-1\" \/>\n<link rel=\"canonical\" href=\"https:\/\/panaderiavegadelrey.com\/en\/\" \/>\n<meta property=\"og:locale\" content=\"en_GB\" \/>\n<meta property=\"og:type\" content=\"article\" \/>\n<meta property=\"og:title\" content=\"Inicio - Panader\u00eda Vega Delrey\" \/>\n<meta property=\"og:description\" content=\"Cuatro generaciones horneando calidad y tradici\u00f3n Sobre Nosotros Somos la cuarta generaci\u00f3n de la panader\u00eda San Francisco Javier, fundada en 1955. En aquella \u00e9poca, adem\u00e1s de pan, hac\u00edamos pasteler\u00eda, y \u00e9ramos conocidos por los vecinos como \u201cla panader\u00eda de Marina\u201d. Con el tiempo, cambiamos nuestro nombre a Panader\u00eda Vega del Rey S.L., manteniendo la tradici\u00f3n [&hellip;]\" \/>\n<meta property=\"og:url\" content=\"https:\/\/panaderiavegadelrey.com\/en\/\" \/>\n<meta property=\"og:site_name\" content=\"Panader\u00eda Vega Delrey\" \/>\n<meta property=\"article:modified_time\" content=\"2026-02-02T13:00:15+00:00\" \/>\n<meta property=\"og:image\" content=\"https:\/\/panaderiavegadelrey.com\/wp-content\/uploads\/2026\/02\/FB_IMG_1765372979464-Jose-Raul-Mendoza.jpg\" \/>\n<meta name=\"twitter:card\" content=\"summary_large_image\" \/>\n<meta name=\"twitter:label1\" content=\"Est. reading time\" \/>\n\t<meta name=\"twitter:data1\" content=\"1 minute\" \/>\n<script type=\"application\/ld+json\" class=\"yoast-schema-graph\">{\"@context\":\"https:\\\/\\\/schema.org\",\"@graph\":[{\"@type\":\"WebPage\",\"@id\":\"https:\\\/\\\/panaderiavegadelrey.com\\\/\",\"url\":\"https:\\\/\\\/panaderiavegadelrey.com\\\/\",\"name\":\"Inicio - Panader\u00eda Vega Delrey\",\"isPartOf\":{\"@id\":\"https:\\\/\\\/panaderiavegadelrey.com\\\/#website\"},\"primaryImageOfPage\":{\"@id\":\"https:\\\/\\\/panaderiavegadelrey.com\\\/#primaryimage\"},\"image\":{\"@id\":\"https:\\\/\\\/panaderiavegadelrey.com\\\/#primaryimage\"},\"thumbnailUrl\":\"https:\\\/\\\/panaderiavegadelrey.com\\\/wp-content\\\/uploads\\\/2026\\\/02\\\/FB_IMG_1765372979464-Jose-Raul-Mendoza.jpg\",\"datePublished\":\"2026-01-15T14:41:08+00:00\",\"dateModified\":\"2026-02-02T13:00:15+00:00\",\"breadcrumb\":{\"@id\":\"https:\\\/\\\/panaderiavegadelrey.com\\\/#breadcrumb\"},\"inLanguage\":\"en-GB\",\"potentialAction\":[{\"@type\":\"ReadAction\",\"target\":[\"https:\\\/\\\/panaderiavegadelrey.com\\\/\"]}]},{\"@type\":\"ImageObject\",\"inLanguage\":\"en-GB\",\"@id\":\"https:\\\/\\\/panaderiavegadelrey.com\\\/#primaryimage\",\"url\":\"https:\\\/\\\/panaderiavegadelrey.com\\\/wp-content\\\/uploads\\\/2026\\\/02\\\/FB_IMG_1765372979464-Jose-Raul-Mendoza.jpg\",\"contentUrl\":\"https:\\\/\\\/panaderiavegadelrey.com\\\/wp-content\\\/uploads\\\/2026\\\/02\\\/FB_IMG_1765372979464-Jose-Raul-Mendoza.jpg\"},{\"@type\":\"BreadcrumbList\",\"@id\":\"https:\\\/\\\/panaderiavegadelrey.com\\\/#breadcrumb\",\"itemListElement\":[{\"@type\":\"ListItem\",\"position\":1,\"name\":\"Portada\",\"item\":\"https:\\\/\\\/panaderiavegadelrey.com\\\/\"},{\"@type\":\"ListItem\",\"position\":2,\"name\":\"Inicio\"}]},{\"@type\":\"WebSite\",\"@id\":\"https:\\\/\\\/panaderiavegadelrey.com\\\/#website\",\"url\":\"https:\\\/\\\/panaderiavegadelrey.com\\\/\",\"name\":\"Panader\u00eda Vega Delrey\",\"description\":\"Panader\u00eda\",\"publisher\":{\"@id\":\"https:\\\/\\\/panaderiavegadelrey.com\\\/#organization\"},\"potentialAction\":[{\"@type\":\"SearchAction\",\"target\":{\"@type\":\"EntryPoint\",\"urlTemplate\":\"https:\\\/\\\/panaderiavegadelrey.com\\\/?s={search_term_string}\"},\"query-input\":{\"@type\":\"PropertyValueSpecification\",\"valueRequired\":true,\"valueName\":\"search_term_string\"}}],\"inLanguage\":\"en-GB\"},{\"@type\":\"Organization\",\"@id\":\"https:\\\/\\\/panaderiavegadelrey.com\\\/#organization\",\"name\":\"Panader\u00eda Vega Delrey\",\"url\":\"https:\\\/\\\/panaderiavegadelrey.com\\\/\",\"logo\":{\"@type\":\"ImageObject\",\"inLanguage\":\"en-GB\",\"@id\":\"https:\\\/\\\/panaderiavegadelrey.com\\\/#\\\/schema\\\/logo\\\/image\\\/\",\"url\":\"https:\\\/\\\/panaderiavegadelrey.com\\\/wp-content\\\/uploads\\\/2026\\\/02\\\/cropped-panaderiavegadelrey202512_logoarriba.png\",\"contentUrl\":\"https:\\\/\\\/panaderiavegadelrey.com\\\/wp-content\\\/uploads\\\/2026\\\/02\\\/cropped-panaderiavegadelrey202512_logoarriba.png\",\"width\":606,\"height\":500,\"caption\":\"Panader\u00eda Vega Delrey\"},\"image\":{\"@id\":\"https:\\\/\\\/panaderiavegadelrey.com\\\/#\\\/schema\\\/logo\\\/image\\\/\"}}]}<\/script>\n<!-- \/ Yoast SEO plugin. -->","yoast_head_json":{"title":"Inicio - Panader\u00eda Vega Delrey","robots":{"index":"index","follow":"follow","max-snippet":"max-snippet:-1","max-image-preview":"max-image-preview:large","max-video-preview":"max-video-preview:-1"},"canonical":"https:\/\/panaderiavegadelrey.com\/en\/","og_locale":"en_GB","og_type":"article","og_title":"Inicio - Panader\u00eda Vega Delrey","og_description":"Cuatro generaciones horneando calidad y tradici\u00f3n Sobre Nosotros Somos la cuarta generaci\u00f3n de la panader\u00eda San Francisco Javier, fundada en 1955. En aquella \u00e9poca, adem\u00e1s de pan, hac\u00edamos pasteler\u00eda, y \u00e9ramos conocidos por los vecinos como \u201cla panader\u00eda de Marina\u201d. Con el tiempo, cambiamos nuestro nombre a Panader\u00eda Vega del Rey S.L., manteniendo la tradici\u00f3n [&hellip;]","og_url":"https:\/\/panaderiavegadelrey.com\/en\/","og_site_name":"Panader\u00eda Vega Delrey","article_modified_time":"2026-02-02T13:00:15+00:00","og_image":[{"url":"https:\/\/panaderiavegadelrey.com\/wp-content\/uploads\/2026\/02\/FB_IMG_1765372979464-Jose-Raul-Mendoza.jpg","type":"","width":"","height":""}],"twitter_card":"summary_large_image","twitter_misc":{"Est. reading time":"1 minute"},"schema":{"@context":"https:\/\/schema.org","@graph":[{"@type":"WebPage","@id":"https:\/\/panaderiavegadelrey.com\/","url":"https:\/\/panaderiavegadelrey.com\/","name":"Inicio - Panader\u00eda Vega Delrey","isPartOf":{"@id":"https:\/\/panaderiavegadelrey.com\/#website"},"primaryImageOfPage":{"@id":"https:\/\/panaderiavegadelrey.com\/#primaryimage"},"image":{"@id":"https:\/\/panaderiavegadelrey.com\/#primaryimage"},"thumbnailUrl":"https:\/\/panaderiavegadelrey.com\/wp-content\/uploads\/2026\/02\/FB_IMG_1765372979464-Jose-Raul-Mendoza.jpg","datePublished":"2026-01-15T14:41:08+00:00","dateModified":"2026-02-02T13:00:15+00:00","breadcrumb":{"@id":"https:\/\/panaderiavegadelrey.com\/#breadcrumb"},"inLanguage":"en-GB","potentialAction":[{"@type":"ReadAction","target":["https:\/\/panaderiavegadelrey.com\/"]}]},{"@type":"ImageObject","inLanguage":"en-GB","@id":"https:\/\/panaderiavegadelrey.com\/#primaryimage","url":"https:\/\/panaderiavegadelrey.com\/wp-content\/uploads\/2026\/02\/FB_IMG_1765372979464-Jose-Raul-Mendoza.jpg","contentUrl":"https:\/\/panaderiavegadelrey.com\/wp-content\/uploads\/2026\/02\/FB_IMG_1765372979464-Jose-Raul-Mendoza.jpg"},{"@type":"BreadcrumbList","@id":"https:\/\/panaderiavegadelrey.com\/#breadcrumb","itemListElement":[{"@type":"ListItem","position":1,"name":"Portada","item":"https:\/\/panaderiavegadelrey.com\/"},{"@type":"ListItem","position":2,"name":"Inicio"}]},{"@type":"WebSite","@id":"https:\/\/panaderiavegadelrey.com\/#website","url":"https:\/\/panaderiavegadelrey.com\/","name":"Panader\u00eda Vega Delrey","description":"Panader\u00eda","publisher":{"@id":"https:\/\/panaderiavegadelrey.com\/#organization"},"potentialAction":[{"@type":"SearchAction","target":{"@type":"EntryPoint","urlTemplate":"https:\/\/panaderiavegadelrey.com\/?s={search_term_string}"},"query-input":{"@type":"PropertyValueSpecification","valueRequired":true,"valueName":"search_term_string"}}],"inLanguage":"en-GB"},{"@type":"Organization","@id":"https:\/\/panaderiavegadelrey.com\/#organization","name":"Panader\u00eda Vega Delrey","url":"https:\/\/panaderiavegadelrey.com\/","logo":{"@type":"ImageObject","inLanguage":"en-GB","@id":"https:\/\/panaderiavegadelrey.com\/#\/schema\/logo\/image\/","url":"https:\/\/panaderiavegadelrey.com\/wp-content\/uploads\/2026\/02\/cropped-panaderiavegadelrey202512_logoarriba.png","contentUrl":"https:\/\/panaderiavegadelrey.com\/wp-content\/uploads\/2026\/02\/cropped-panaderiavegadelrey202512_logoarriba.png","width":606,"height":500,"caption":"Panader\u00eda Vega Delrey"},"image":{"@id":"https:\/\/panaderiavegadelrey.com\/#\/schema\/logo\/image\/"}}]}},"_links":{"self":[{"href":"https:\/\/panaderiavegadelrey.com\/en\/wp-json\/wp\/v2\/pages\/10","targetHints":{"allow":["GET"]}}],"collection":[{"href":"https:\/\/panaderiavegadelrey.com\/en\/wp-json\/wp\/v2\/pages"}],"about":[{"href":"https:\/\/panaderiavegadelrey.com\/en\/wp-json\/wp\/v2\/types\/page"}],"author":[{"embeddable":true,"href":"https:\/\/panaderiavegadelrey.com\/en\/wp-json\/wp\/v2\/users\/1"}],"replies":[{"embeddable":true,"href":"https:\/\/panaderiavegadelrey.com\/en\/wp-json\/wp\/v2\/comments?post=10"}],"version-history":[{"count":55,"href":"https:\/\/panaderiavegadelrey.com\/en\/wp-json\/wp\/v2\/pages\/10\/revisions"}],"predecessor-version":[{"id":209,"href":"https:\/\/panaderiavegadelrey.com\/en\/wp-json\/wp\/v2\/pages\/10\/revisions\/209"}],"wp:attachment":[{"href":"https:\/\/panaderiavegadelrey.com\/en\/wp-json\/wp\/v2\/media?parent=10"}],"curies":[{"name":"wp","href":"https:\/\/api.w.org\/{rel}","templated":true}]}}